{"id":5,"date":"2014-09-12T11:06:10","date_gmt":"2014-09-12T08:06:10","guid":{"rendered":"http:\/\/mmalappeenranta.com\/wordpress\/?page_id=5"},"modified":"2025-12-31T09:11:57","modified_gmt":"2025-12-31T07:11:57","slug":"etusivu","status":"publish","type":"page","link":"https:\/\/mmalappeenranta.com\/wordpress\/","title":{"rendered":"MMA Lappeenranta &#8211; Etusivu"},"content":{"rendered":"<p><strong>PERUSKURSSIT K\u00c4YNNISTYV\u00c4T<\/strong><\/p>\n<p>Kev\u00e4\u00e4n peruskurssit k\u00e4ynnistyv\u00e4t 12.1.2026<\/p>\n<div>Aiempaa kokemusta kamppailulajeista ei tarvitse olla. Mukaan tarvitset vain sis\u00e4liikuntavaatteet, juomapullon sek\u00e4 reipasta mielt\u00e4!<\/div>\n<div><\/div>\n<div>\n<div>Potkunyrkkeily ma ja ke 17-1830<\/div>\n<div>BJJ ja Lukkopaini ti ja to 1730-19<\/div>\n<div>MMA ma ja ke 17-1830, ti ja to 1730-1900<\/div>\n<div>Juniorinyrkkeily ma ja ke 1830-2000<\/div>\n<div><\/div>\n<div>Hinta:<\/div>\n<div>Potkunyrkkeily, Juniorinyrkkeily, BJJ ja Lukkopaini 130\u20ac<\/div>\n<div>MMA 170\u20ac<\/div>\n<div><\/div>\n<div>Kurssin kesto: 6vkoa<\/div>\n<div><\/div>\n<div>Ilmoittautumiset ennakkoon <a href=\"mailto:mmalappeenranta@gmail.com\">mmalappeenranta@gmail.com<\/a> tai paikanp\u00e4\u00e4ll\u00e4 salillamme Yhteisty\u00f6nkatu 11 kurssien alkaessa!<\/div>\n<div><\/div>\n<div>Tervetuloa!<\/div>\n<\/div>\n","protected":false},"excerpt":{"rendered":"<p>PERUSKURSSIT K\u00c4YNNISTYV\u00c4T Kev\u00e4\u00e4n peruskurssit k\u00e4ynnistyv\u00e4t 12.1.2026 Aiempaa kokemusta kamppailulajeista ei tarvitse olla. Mukaan tarvitset vain sis\u00e4liikuntavaatteet, juomapullon sek\u00e4 reipasta mielt\u00e4! Potkunyrkkeily ma ja ke 17-1830 BJJ ja Lukkopaini ti ja to 1730-19 MMA ma ja ke 17-1830, ti ja to 1730-1900 Juniorinyrkkeily ma ja ke 1830-2000 Hinta: Potkunyrkkeily, Juniorinyrkkeily, BJJ ja Lukkopaini 130\u20ac MMA 170\u20ac [&hellip;]<\/p>\n","protected":false},"author":1,"featured_media":8,"parent":0,"menu_order":0,"comment_status":"open","ping_status":"open","template":"","meta":{"footnotes":""},"class_list":{"0":"post-5","1":"page","2":"type-page","3":"status-publish","4":"has-post-thumbnail","6":"entry"},"_links":{"self":[{"href":"https:\/\/mmalappeenranta.com\/wordpress\/wp-json\/wp\/v2\/pages\/5","targetHints":{"allow":["GET"]}}],"collection":[{"href":"https:\/\/mmalappeenranta.com\/wordpress\/wp-json\/wp\/v2\/pages"}],"about":[{"href":"https:\/\/mmalappeenranta.com\/wordpress\/wp-json\/wp\/v2\/types\/page"}],"author":[{"embeddable":true,"href":"https:\/\/mmalappeenranta.com\/wordpress\/wp-json\/wp\/v2\/users\/1"}],"replies":[{"embeddable":true,"href":"https:\/\/mmalappeenranta.com\/wordpress\/wp-json\/wp\/v2\/comments?post=5"}],"version-history":[{"count":41,"href":"https:\/\/mmalappeenranta.com\/wordpress\/wp-json\/wp\/v2\/pages\/5\/revisions"}],"predecessor-version":[{"id":269,"href":"https:\/\/mmalappeenranta.com\/wordpress\/wp-json\/wp\/v2\/pages\/5\/revisions\/269"}],"wp:featuredmedia":[{"embeddable":true,"href":"https:\/\/mmalappeenranta.com\/wordpress\/wp-json\/wp\/v2\/media\/8"}],"wp:attachment":[{"href":"https:\/\/mmalappeenranta.com\/wordpress\/wp-json\/wp\/v2\/media?parent=5"}],"curies":[{"name":"wp","href":"https:\/\/api.w.org\/{rel}","templated":true}]}}